{"id":56,"date":"2021-07-06T12:44:51","date_gmt":"2021-07-06T10:44:51","guid":{"rendered":"https:\/\/blackgrousecz.wordpress.com\/?page_id=56"},"modified":"2022-10-31T10:01:51","modified_gmt":"2022-10-31T10:01:51","slug":"galerie","status":"publish","type":"page","link":"https:\/\/www.pomahametetrivkovi.cz\/index.php\/galerie\/","title":{"rendered":"Galerie"},"content":{"rendered":"\n\n\n<h4>Podzim na Doupov\u011b<\/h4>\n\n\n\n<div class=\"wp-container-1 wp-block-group\"><div class=\"wp-block-group__inner-container\">\n<figure class=\"wp-block-gallery has-nested-images columns-default is-cropped\">\n<figure class=\"wp-block-image size-large\"><img loading=\"lazy\" width=\"1024\" height=\"768\" src=\"https:\/\/www.pomahametetrivkovi.cz\/wp-content\/uploads\/2022\/10\/20221009_114331-1-1024x768.jpg\" alt=\"\" class=\"wp-image-488\" srcset=\"https:\/\/www.pomahametetrivkovi.cz\/wp-content\/uploads\/2022\/10\/20221009_114331-1-1024x768.jpg 1024w, https:\/\/www.pomahametetrivkovi.cz\/wp-content\/uploads\/2022\/10\/20221009_114331-1-300x225.jpg 300w, https:\/\/www.pomahametetrivkovi.cz\/wp-content\/uploads\/2022\/10\/20221009_114331-1-768x576.jpg 768w, https:\/\/www.pomahametetrivkovi.cz\/wp-content\/uploads\/2022\/10\/20221009_114331-1-1536x1152.jpg 1536w, https:\/\/www.pomahametetrivkovi.cz\/wp-content\/uploads\/2022\/10\/20221009_114331-1-2048x1536.jpg 2048w, https:\/\/www.pomahametetrivkovi.cz\/wp-content\/uploads\/2022\/10\/20221009_114331-1-1568x1176.jpg 1568w\" sizes=\"(max-width: 1024px) 100vw, 1024px\" \/><\/figure>\n\n\n\n<figure class=\"wp-block-image size-large\"><img loading=\"lazy\" width=\"1024\" height=\"683\" src=\"https:\/\/www.pomahametetrivkovi.cz\/wp-content\/uploads\/2022\/10\/DSC02380-4-1024x683.jpg\" alt=\"\" class=\"wp-image-498\" srcset=\"https:\/\/www.pomahametetrivkovi.cz\/wp-content\/uploads\/2022\/10\/DSC02380-4-1024x683.jpg 1024w, https:\/\/www.pomahametetrivkovi.cz\/wp-content\/uploads\/2022\/10\/DSC02380-4-300x200.jpg 300w, https:\/\/www.pomahametetrivkovi.cz\/wp-content\/uploads\/2022\/10\/DSC02380-4-768x512.jpg 768w, https:\/\/www.pomahametetrivkovi.cz\/wp-content\/uploads\/2022\/10\/DSC02380-4-1536x1024.jpg 1536w, https:\/\/www.pomahametetrivkovi.cz\/wp-content\/uploads\/2022\/10\/DSC02380-4-2048x1365.jpg 2048w, https:\/\/www.pomahametetrivkovi.cz\/wp-content\/uploads\/2022\/10\/DSC02380-4-1568x1045.jpg 1568w\" sizes=\"(max-width: 1024px) 100vw, 1024px\" \/><\/figure>\n\n\n\n<figure class=\"wp-block-image size-large\"><img loading=\"lazy\" width=\"1024\" height=\"683\" src=\"https:\/\/www.pomahametetrivkovi.cz\/wp-content\/uploads\/2022\/10\/DSC02398-1-1024x683.jpg\" alt=\"\" class=\"wp-image-501\" srcset=\"https:\/\/www.pomahametetrivkovi.cz\/wp-content\/uploads\/2022\/10\/DSC02398-1-1024x683.jpg 1024w, https:\/\/www.pomahametetrivkovi.cz\/wp-content\/uploads\/2022\/10\/DSC02398-1-300x200.jpg 300w, https:\/\/www.pomahametetrivkovi.cz\/wp-content\/uploads\/2022\/10\/DSC02398-1-768x512.jpg 768w, https:\/\/www.pomahametetrivkovi.cz\/wp-content\/uploads\/2022\/10\/DSC02398-1-1536x1024.jpg 1536w, https:\/\/www.pomahametetrivkovi.cz\/wp-content\/uploads\/2022\/10\/DSC02398-1-2048x1365.jpg 2048w, https:\/\/www.pomahametetrivkovi.cz\/wp-content\/uploads\/2022\/10\/DSC02398-1-1568x1045.jpg 1568w\" sizes=\"(max-width: 1024px) 100vw, 1024px\" \/><\/figure>\n\n\n\n<figure class=\"wp-block-image size-large\"><img loading=\"lazy\" width=\"1024\" height=\"683\" src=\"https:\/\/www.pomahametetrivkovi.cz\/wp-content\/uploads\/2022\/10\/DSC02414-1-1024x683.jpg\" alt=\"\" class=\"wp-image-497\" srcset=\"https:\/\/www.pomahametetrivkovi.cz\/wp-content\/uploads\/2022\/10\/DSC02414-1-1024x683.jpg 1024w, https:\/\/www.pomahametetrivkovi.cz\/wp-content\/uploads\/2022\/10\/DSC02414-1-300x200.jpg 300w, https:\/\/www.pomahametetrivkovi.cz\/wp-content\/uploads\/2022\/10\/DSC02414-1-768x512.jpg 768w, https:\/\/www.pomahametetrivkovi.cz\/wp-content\/uploads\/2022\/10\/DSC02414-1-1536x1024.jpg 1536w, https:\/\/www.pomahametetrivkovi.cz\/wp-content\/uploads\/2022\/10\/DSC02414-1-2048x1365.jpg 2048w, https:\/\/www.pomahametetrivkovi.cz\/wp-content\/uploads\/2022\/10\/DSC02414-1-1568x1045.jpg 1568w\" sizes=\"(max-width: 1024px) 100vw, 1024px\" \/><\/figure>\n\n\n\n<figure class=\"wp-block-image size-large\"><img loading=\"lazy\" width=\"1024\" height=\"683\" src=\"https:\/\/www.pomahametetrivkovi.cz\/wp-content\/uploads\/2022\/10\/DSC02422-1-1024x683.jpg\" alt=\"\" class=\"wp-image-502\" srcset=\"https:\/\/www.pomahametetrivkovi.cz\/wp-content\/uploads\/2022\/10\/DSC02422-1-1024x683.jpg 1024w, https:\/\/www.pomahametetrivkovi.cz\/wp-content\/uploads\/2022\/10\/DSC02422-1-300x200.jpg 300w, https:\/\/www.pomahametetrivkovi.cz\/wp-content\/uploads\/2022\/10\/DSC02422-1-768x512.jpg 768w, https:\/\/www.pomahametetrivkovi.cz\/wp-content\/uploads\/2022\/10\/DSC02422-1-1536x1024.jpg 1536w, https:\/\/www.pomahametetrivkovi.cz\/wp-content\/uploads\/2022\/10\/DSC02422-1-2048x1365.jpg 2048w, https:\/\/www.pomahametetrivkovi.cz\/wp-content\/uploads\/2022\/10\/DSC02422-1-1568x1045.jpg 1568w\" sizes=\"(max-width: 1024px) 100vw, 1024px\" \/><\/figure>\n\n\n\n<figure class=\"wp-block-image size-large\"><img loading=\"lazy\" width=\"1024\" height=\"683\" src=\"https:\/\/www.pomahametetrivkovi.cz\/wp-content\/uploads\/2022\/10\/DSC02429-1-1024x683.jpg\" alt=\"\" class=\"wp-image-503\" srcset=\"https:\/\/www.pomahametetrivkovi.cz\/wp-content\/uploads\/2022\/10\/DSC02429-1-1024x683.jpg 1024w, https:\/\/www.pomahametetrivkovi.cz\/wp-content\/uploads\/2022\/10\/DSC02429-1-300x200.jpg 300w, https:\/\/www.pomahametetrivkovi.cz\/wp-content\/uploads\/2022\/10\/DSC02429-1-768x512.jpg 768w, https:\/\/www.pomahametetrivkovi.cz\/wp-content\/uploads\/2022\/10\/DSC02429-1-1536x1024.jpg 1536w, https:\/\/www.pomahametetrivkovi.cz\/wp-content\/uploads\/2022\/10\/DSC02429-1-2048x1365.jpg 2048w, https:\/\/www.pomahametetrivkovi.cz\/wp-content\/uploads\/2022\/10\/DSC02429-1-1568x1045.jpg 1568w\" sizes=\"(max-width: 1024px) 100vw, 1024px\" \/><\/figure>\n\n\n\n<figure class=\"wp-block-image size-large\"><img loading=\"lazy\" width=\"1024\" height=\"683\" src=\"https:\/\/www.pomahametetrivkovi.cz\/wp-content\/uploads\/2022\/10\/DSC02431-1024x683.jpg\" alt=\"\" class=\"wp-image-489\" srcset=\"https:\/\/www.pomahametetrivkovi.cz\/wp-content\/uploads\/2022\/10\/DSC02431-1024x683.jpg 1024w, https:\/\/www.pomahametetrivkovi.cz\/wp-content\/uploads\/2022\/10\/DSC02431-300x200.jpg 300w, https:\/\/www.pomahametetrivkovi.cz\/wp-content\/uploads\/2022\/10\/DSC02431-768x512.jpg 768w, https:\/\/www.pomahametetrivkovi.cz\/wp-content\/uploads\/2022\/10\/DSC02431-1536x1024.jpg 1536w, https:\/\/www.pomahametetrivkovi.cz\/wp-content\/uploads\/2022\/10\/DSC02431-2048x1365.jpg 2048w, https:\/\/www.pomahametetrivkovi.cz\/wp-content\/uploads\/2022\/10\/DSC02431-1568x1045.jpg 1568w\" sizes=\"(max-width: 1024px) 100vw, 1024px\" \/><\/figure>\n\n\n\n<figure class=\"wp-block-image size-large\"><img loading=\"lazy\" width=\"1024\" height=\"683\" src=\"https:\/\/www.pomahametetrivkovi.cz\/wp-content\/uploads\/2022\/10\/DSC02465-1-1024x683.jpg\" alt=\"\" class=\"wp-image-499\" srcset=\"https:\/\/www.pomahametetrivkovi.cz\/wp-content\/uploads\/2022\/10\/DSC02465-1-1024x683.jpg 1024w, https:\/\/www.pomahametetrivkovi.cz\/wp-content\/uploads\/2022\/10\/DSC02465-1-300x200.jpg 300w, https:\/\/www.pomahametetrivkovi.cz\/wp-content\/uploads\/2022\/10\/DSC02465-1-768x512.jpg 768w, https:\/\/www.pomahametetrivkovi.cz\/wp-content\/uploads\/2022\/10\/DSC02465-1-1536x1024.jpg 1536w, https:\/\/www.pomahametetrivkovi.cz\/wp-content\/uploads\/2022\/10\/DSC02465-1-2048x1365.jpg 2048w, https:\/\/www.pomahametetrivkovi.cz\/wp-content\/uploads\/2022\/10\/DSC02465-1-1568x1045.jpg 1568w\" sizes=\"(max-width: 1024px) 100vw, 1024px\" \/><\/figure>\n\n\n\n<figure class=\"wp-block-image size-large\"><img loading=\"lazy\" width=\"1024\" height=\"683\" src=\"https:\/\/www.pomahametetrivkovi.cz\/wp-content\/uploads\/2022\/10\/DSC02468-2-1024x683.jpg\" alt=\"\" class=\"wp-image-500\" srcset=\"https:\/\/www.pomahametetrivkovi.cz\/wp-content\/uploads\/2022\/10\/DSC02468-2-1024x683.jpg 1024w, https:\/\/www.pomahametetrivkovi.cz\/wp-content\/uploads\/2022\/10\/DSC02468-2-300x200.jpg 300w, https:\/\/www.pomahametetrivkovi.cz\/wp-content\/uploads\/2022\/10\/DSC02468-2-768x512.jpg 768w, https:\/\/www.pomahametetrivkovi.cz\/wp-content\/uploads\/2022\/10\/DSC02468-2-1536x1024.jpg 1536w, https:\/\/www.pomahametetrivkovi.cz\/wp-content\/uploads\/2022\/10\/DSC02468-2-2048x1365.jpg 2048w, https:\/\/www.pomahametetrivkovi.cz\/wp-content\/uploads\/2022\/10\/DSC02468-2-1568x1045.jpg 1568w\" sizes=\"(max-width: 1024px) 100vw, 1024px\" \/><\/figure>\n<\/figure>\n<\/div><\/div>\n\n\n\n<h4>Prvn\u00ed workshop (Vojkovice, 27. 10. 2021) <\/h4>\n\n\n\n<!-- default-view.php -->\n<div\n\tclass=\"ngg-galleryoverview default-view \"\n\tid=\"ngg-gallery-60a6b3b2340d5313af5cb9e5c6fd36ae-1\">\n\n\t\t<!-- Thumbnails -->\n\t\t\t\t<div id=\"ngg-image-0\" class=\"ngg-gallery-thumbnail-box \" >\n\t\t\t\t        <div class=\"ngg-gallery-thumbnail\">\n            <a href=\"https:\/\/www.pomahametetrivkovi.cz\/wp-content\/gallery\/workshop-1\/obr_1.png\"\n               title=\"\"\n               data-src=\"https:\/\/www.pomahametetrivkovi.cz\/wp-content\/gallery\/workshop-1\/obr_1.png\"\n               data-thumbnail=\"https:\/\/www.pomahametetrivkovi.cz\/wp-content\/gallery\/workshop-1\/thumbs\/thumbs_obr_1.png\"\n               data-image-id=\"8\"\n               data-title=\"obr_1\"\n               data-description=\"\"\n               data-image-slug=\"obr_1\"\n               class=\"ngg-simplelightbox\" rel=\"60a6b3b2340d5313af5cb9e5c6fd36ae\">\n                <img\n                    title=\"obr_1\"\n                    alt=\"obr_1\"\n                    src=\"https:\/\/www.pomahametetrivkovi.cz\/wp-content\/gallery\/workshop-1\/thumbs\/thumbs_obr_1.png\"\n                    width=\"240\"\n                    height=\"160\"\n                    style=\"max-width:100%;\"\n                \/>\n            <\/a>\n        <\/div>\n\t\t\t\t\t\t\t<\/div> \n\t\t\t\n\t\t\t\t<div id=\"ngg-image-1\" class=\"ngg-gallery-thumbnail-box \" >\n\t\t\t\t        <div class=\"ngg-gallery-thumbnail\">\n            <a href=\"https:\/\/www.pomahametetrivkovi.cz\/wp-content\/gallery\/workshop-1\/20210722_132509.jpg\"\n               title=\"\"\n               data-src=\"https:\/\/www.pomahametetrivkovi.cz\/wp-content\/gallery\/workshop-1\/20210722_132509.jpg\"\n               data-thumbnail=\"https:\/\/www.pomahametetrivkovi.cz\/wp-content\/gallery\/workshop-1\/thumbs\/thumbs_20210722_132509.jpg\"\n               data-image-id=\"9\"\n               data-title=\"20210722_132509\"\n               data-description=\"\"\n               data-image-slug=\"20210722_132509\"\n               class=\"ngg-simplelightbox\" rel=\"60a6b3b2340d5313af5cb9e5c6fd36ae\">\n                <img\n                    title=\"20210722_132509\"\n                    alt=\"20210722_132509\"\n                    src=\"https:\/\/www.pomahametetrivkovi.cz\/wp-content\/gallery\/workshop-1\/thumbs\/thumbs_20210722_132509.jpg\"\n                    width=\"240\"\n                    height=\"160\"\n                    style=\"max-width:100%;\"\n                \/>\n            <\/a>\n        <\/div>\n\t\t\t\t\t\t\t<\/div> \n\t\t\t\n\t\t\t\t<div id=\"ngg-image-2\" class=\"ngg-gallery-thumbnail-box \" >\n\t\t\t\t        <div class=\"ngg-gallery-thumbnail\">\n            <a href=\"https:\/\/www.pomahametetrivkovi.cz\/wp-content\/gallery\/workshop-1\/20210722_132825.jpg\"\n               title=\"\"\n               data-src=\"https:\/\/www.pomahametetrivkovi.cz\/wp-content\/gallery\/workshop-1\/20210722_132825.jpg\"\n               data-thumbnail=\"https:\/\/www.pomahametetrivkovi.cz\/wp-content\/gallery\/workshop-1\/thumbs\/thumbs_20210722_132825.jpg\"\n               data-image-id=\"10\"\n               data-title=\"20210722_132825\"\n               data-description=\"\"\n               data-image-slug=\"20210722_132825\"\n               class=\"ngg-simplelightbox\" rel=\"60a6b3b2340d5313af5cb9e5c6fd36ae\">\n                <img\n                    title=\"20210722_132825\"\n                    alt=\"20210722_132825\"\n                    src=\"https:\/\/www.pomahametetrivkovi.cz\/wp-content\/gallery\/workshop-1\/thumbs\/thumbs_20210722_132825.jpg\"\n                    width=\"240\"\n                    height=\"160\"\n                    style=\"max-width:100%;\"\n                \/>\n            <\/a>\n        <\/div>\n\t\t\t\t\t\t\t<\/div> \n\t\t\t\n\t\n\t<br style=\"clear: both\" \/>\n\n\t\n\t\t<!-- Pagination -->\n\t<div class='ngg-clear'><\/div>\t<\/div>\n\n\n\n\n<h4>Fotografie tet\u0159\u00edvka z \u010cR<\/h4>\n\n\n\n<!-- default-view.php -->\n<div\n\tclass=\"ngg-galleryoverview default-view \"\n\tid=\"ngg-gallery-33245cef03aac5b02637e09687ac0232-1\">\n\n\t\t<!-- Thumbnails -->\n\t\t\t\t<div id=\"ngg-image-0\" class=\"ngg-gallery-thumbnail-box \" >\n\t\t\t\t        <div class=\"ngg-gallery-thumbnail\">\n            <a href=\"https:\/\/www.pomahametetrivkovi.cz\/wp-content\/gallery\/galerie\/IMG_2732.JPG\"\n               title=\"\"\n               data-src=\"https:\/\/www.pomahametetrivkovi.cz\/wp-content\/gallery\/galerie\/IMG_2732.JPG\"\n               data-thumbnail=\"https:\/\/www.pomahametetrivkovi.cz\/wp-content\/gallery\/galerie\/thumbs\/thumbs_IMG_2732.JPG\"\n               data-image-id=\"1\"\n               data-title=\"IMG_2732\"\n               data-description=\"\"\n               data-image-slug=\"img_2732\"\n               class=\"ngg-simplelightbox\" rel=\"33245cef03aac5b02637e09687ac0232\">\n                <img\n                    title=\"IMG_2732\"\n                    alt=\"IMG_2732\"\n                    src=\"https:\/\/www.pomahametetrivkovi.cz\/wp-content\/gallery\/galerie\/thumbs\/thumbs_IMG_2732.JPG\"\n                    width=\"240\"\n                    height=\"160\"\n                    style=\"max-width:100%;\"\n                \/>\n            <\/a>\n        <\/div>\n\t\t\t\t\t\t\t<\/div> \n\t\t\t\n\t\t\t\t<div id=\"ngg-image-1\" class=\"ngg-gallery-thumbnail-box \" >\n\t\t\t\t        <div class=\"ngg-gallery-thumbnail\">\n            <a href=\"https:\/\/www.pomahametetrivkovi.cz\/wp-content\/gallery\/galerie\/IMG_3446.JPG\"\n               title=\"\"\n               data-src=\"https:\/\/www.pomahametetrivkovi.cz\/wp-content\/gallery\/galerie\/IMG_3446.JPG\"\n               data-thumbnail=\"https:\/\/www.pomahametetrivkovi.cz\/wp-content\/gallery\/galerie\/thumbs\/thumbs_IMG_3446.JPG\"\n               data-image-id=\"2\"\n               data-title=\"IMG_3446\"\n               data-description=\"\"\n               data-image-slug=\"img_3446\"\n               class=\"ngg-simplelightbox\" rel=\"33245cef03aac5b02637e09687ac0232\">\n                <img\n                    title=\"IMG_3446\"\n                    alt=\"IMG_3446\"\n                    src=\"https:\/\/www.pomahametetrivkovi.cz\/wp-content\/gallery\/galerie\/thumbs\/thumbs_IMG_3446.JPG\"\n                    width=\"240\"\n                    height=\"160\"\n                    style=\"max-width:100%;\"\n                \/>\n            <\/a>\n        <\/div>\n\t\t\t\t\t\t\t<\/div> \n\t\t\t\n\t\t\t\t<div id=\"ngg-image-2\" class=\"ngg-gallery-thumbnail-box \" >\n\t\t\t\t        <div class=\"ngg-gallery-thumbnail\">\n            <a href=\"https:\/\/www.pomahametetrivkovi.cz\/wp-content\/gallery\/galerie\/IMG_2637.JPG\"\n               title=\"\"\n               data-src=\"https:\/\/www.pomahametetrivkovi.cz\/wp-content\/gallery\/galerie\/IMG_2637.JPG\"\n               data-thumbnail=\"https:\/\/www.pomahametetrivkovi.cz\/wp-content\/gallery\/galerie\/thumbs\/thumbs_IMG_2637.JPG\"\n               data-image-id=\"3\"\n               data-title=\"IMG_2637\"\n               data-description=\"\"\n               data-image-slug=\"img_2637\"\n               class=\"ngg-simplelightbox\" rel=\"33245cef03aac5b02637e09687ac0232\">\n                <img\n                    title=\"IMG_2637\"\n                    alt=\"IMG_2637\"\n                    src=\"https:\/\/www.pomahametetrivkovi.cz\/wp-content\/gallery\/galerie\/thumbs\/thumbs_IMG_2637.JPG\"\n                    width=\"240\"\n                    height=\"160\"\n                    style=\"max-width:100%;\"\n                \/>\n            <\/a>\n        <\/div>\n\t\t\t\t\t\t\t<\/div> \n\t\t\t\n\t\t\t\t<div id=\"ngg-image-3\" class=\"ngg-gallery-thumbnail-box \" >\n\t\t\t\t        <div class=\"ngg-gallery-thumbnail\">\n            <a href=\"https:\/\/www.pomahametetrivkovi.cz\/wp-content\/gallery\/galerie\/IMG_3580.JPG\"\n               title=\"\"\n               data-src=\"https:\/\/www.pomahametetrivkovi.cz\/wp-content\/gallery\/galerie\/IMG_3580.JPG\"\n               data-thumbnail=\"https:\/\/www.pomahametetrivkovi.cz\/wp-content\/gallery\/galerie\/thumbs\/thumbs_IMG_3580.JPG\"\n               data-image-id=\"4\"\n               data-title=\"IMG_3580\"\n               data-description=\"\"\n               data-image-slug=\"img_3580\"\n               class=\"ngg-simplelightbox\" rel=\"33245cef03aac5b02637e09687ac0232\">\n                <img\n                    title=\"IMG_3580\"\n                    alt=\"IMG_3580\"\n                    src=\"https:\/\/www.pomahametetrivkovi.cz\/wp-content\/gallery\/galerie\/thumbs\/thumbs_IMG_3580.JPG\"\n                    width=\"240\"\n                    height=\"160\"\n                    style=\"max-width:100%;\"\n                \/>\n            <\/a>\n        <\/div>\n\t\t\t\t\t\t\t<\/div> \n\t\t\t\n\t\t\t\t<div id=\"ngg-image-4\" class=\"ngg-gallery-thumbnail-box \" >\n\t\t\t\t        <div class=\"ngg-gallery-thumbnail\">\n            <a href=\"https:\/\/www.pomahametetrivkovi.cz\/wp-content\/gallery\/galerie\/IMG_2166.JPG\"\n               title=\"\"\n               data-src=\"https:\/\/www.pomahametetrivkovi.cz\/wp-content\/gallery\/galerie\/IMG_2166.JPG\"\n               data-thumbnail=\"https:\/\/www.pomahametetrivkovi.cz\/wp-content\/gallery\/galerie\/thumbs\/thumbs_IMG_2166.JPG\"\n               data-image-id=\"5\"\n               data-title=\"IMG_2166\"\n               data-description=\"\"\n               data-image-slug=\"img_2166\"\n               class=\"ngg-simplelightbox\" rel=\"33245cef03aac5b02637e09687ac0232\">\n                <img\n                    title=\"IMG_2166\"\n                    alt=\"IMG_2166\"\n                    src=\"https:\/\/www.pomahametetrivkovi.cz\/wp-content\/gallery\/galerie\/thumbs\/thumbs_IMG_2166.JPG\"\n                    width=\"240\"\n                    height=\"160\"\n                    style=\"max-width:100%;\"\n                \/>\n            <\/a>\n        <\/div>\n\t\t\t\t\t\t\t<\/div> \n\t\t\t\n\t\t\t\t<div id=\"ngg-image-5\" class=\"ngg-gallery-thumbnail-box \" >\n\t\t\t\t        <div class=\"ngg-gallery-thumbnail\">\n            <a href=\"https:\/\/www.pomahametetrivkovi.cz\/wp-content\/gallery\/galerie\/IMG_3573.JPG\"\n               title=\"\"\n               data-src=\"https:\/\/www.pomahametetrivkovi.cz\/wp-content\/gallery\/galerie\/IMG_3573.JPG\"\n               data-thumbnail=\"https:\/\/www.pomahametetrivkovi.cz\/wp-content\/gallery\/galerie\/thumbs\/thumbs_IMG_3573.JPG\"\n               data-image-id=\"6\"\n               data-title=\"IMG_3573\"\n               data-description=\"\"\n               data-image-slug=\"img_3573\"\n               class=\"ngg-simplelightbox\" rel=\"33245cef03aac5b02637e09687ac0232\">\n                <img\n                    title=\"IMG_3573\"\n                    alt=\"IMG_3573\"\n                    src=\"https:\/\/www.pomahametetrivkovi.cz\/wp-content\/gallery\/galerie\/thumbs\/thumbs_IMG_3573.JPG\"\n                    width=\"240\"\n                    height=\"160\"\n                    style=\"max-width:100%;\"\n                \/>\n            <\/a>\n        <\/div>\n\t\t\t\t\t\t\t<\/div> \n\t\t\t\n\t\n\t<br style=\"clear: both\" \/>\n\n\t\n\t\t<!-- Pagination -->\n\t<div class='ngg-clear'><\/div>\t<\/div>\n\n\n\n\n<figure class=\"wp-block-image size-large\"><img loading=\"lazy\" width=\"1024\" height=\"683\" src=\"https:\/\/www.pomahametetrivkovi.cz\/wp-content\/uploads\/2022\/05\/DSC02240-1-1024x683.jpg\" alt=\"\" class=\"wp-image-447\" srcset=\"https:\/\/www.pomahametetrivkovi.cz\/wp-content\/uploads\/2022\/05\/DSC02240-1-1024x683.jpg 1024w, https:\/\/www.pomahametetrivkovi.cz\/wp-content\/uploads\/2022\/05\/DSC02240-1-300x200.jpg 300w, https:\/\/www.pomahametetrivkovi.cz\/wp-content\/uploads\/2022\/05\/DSC02240-1-768x512.jpg 768w, https:\/\/www.pomahametetrivkovi.cz\/wp-content\/uploads\/2022\/05\/DSC02240-1-1536x1024.jpg 1536w, https:\/\/www.pomahametetrivkovi.cz\/wp-content\/uploads\/2022\/05\/DSC02240-1-2048x1365.jpg 2048w, https:\/\/www.pomahametetrivkovi.cz\/wp-content\/uploads\/2022\/05\/DSC02240-1-1568x1045.jpg 1568w\" sizes=\"(max-width: 1024px) 100vw, 1024px\" \/><figcaption>\u010cern\u00fd ryt\u00ed\u0159 v toku<\/figcaption><\/figure>\n","protected":false},"excerpt":{"rendered":"<p>Podzim na Doupov\u011b Prvn\u00ed workshop (Vojkovice, 27. 10. 2021) Fotografie tet\u0159\u00edvka z \u010cR<\/p>\n","protected":false},"author":1,"featured_media":0,"parent":0,"menu_order":0,"comment_status":"closed","ping_status":"closed","template":"","meta":{"ngg_post_thumbnail":0},"_links":{"self":[{"href":"https:\/\/www.pomahametetrivkovi.cz\/index.php\/wp-json\/wp\/v2\/pages\/56"}],"collection":[{"href":"https:\/\/www.pomahametetrivkovi.cz\/index.php\/wp-json\/wp\/v2\/pages"}],"about":[{"href":"https:\/\/www.pomahametetrivkovi.cz\/index.php\/wp-json\/wp\/v2\/types\/page"}],"author":[{"embeddable":true,"href":"https:\/\/www.pomahametetrivkovi.cz\/index.php\/wp-json\/wp\/v2\/users\/1"}],"replies":[{"embeddable":true,"href":"https:\/\/www.pomahametetrivkovi.cz\/index.php\/wp-json\/wp\/v2\/comments?post=56"}],"version-history":[{"count":9,"href":"https:\/\/www.pomahametetrivkovi.cz\/index.php\/wp-json\/wp\/v2\/pages\/56\/revisions"}],"predecessor-version":[{"id":504,"href":"https:\/\/www.pomahametetrivkovi.cz\/index.php\/wp-json\/wp\/v2\/pages\/56\/revisions\/504"}],"wp:attachment":[{"href":"https:\/\/www.pomahametetrivkovi.cz\/index.php\/wp-json\/wp\/v2\/media?parent=56"}],"curies":[{"name":"wp","href":"https:\/\/api.w.org\/{rel}","templated":true}]}}