{"id":400,"date":"2021-11-02T06:27:59","date_gmt":"2021-11-02T06:27:59","guid":{"rendered":"https:\/\/www.pomahametetrivkovi.cz\/?page_id=400"},"modified":"2022-10-31T10:09:15","modified_gmt":"2022-10-31T10:09:15","slug":"english","status":"publish","type":"page","link":"https:\/\/www.pomahametetrivkovi.cz\/index.php\/english\/","title":{"rendered":"English"},"content":{"rendered":"\n<figure class=\"wp-block-image alignwide size-large\"><img loading=\"lazy\" width=\"1024\" height=\"683\" src=\"http:\/\/www.pomahametetrivkovi.cz\/wp-content\/uploads\/2021\/10\/IMG_3595-1024x683.jpg\" alt=\"\" class=\"wp-image-328\" srcset=\"https:\/\/www.pomahametetrivkovi.cz\/wp-content\/uploads\/2021\/10\/IMG_3595-1024x683.jpg 1024w, https:\/\/www.pomahametetrivkovi.cz\/wp-content\/uploads\/2021\/10\/IMG_3595-300x200.jpg 300w, https:\/\/www.pomahametetrivkovi.cz\/wp-content\/uploads\/2021\/10\/IMG_3595-768x512.jpg 768w, https:\/\/www.pomahametetrivkovi.cz\/wp-content\/uploads\/2021\/10\/IMG_3595-1536x1024.jpg 1536w, https:\/\/www.pomahametetrivkovi.cz\/wp-content\/uploads\/2021\/10\/IMG_3595-2048x1365.jpg 2048w, https:\/\/www.pomahametetrivkovi.cz\/wp-content\/uploads\/2021\/10\/IMG_3595-1568x1045.jpg 1568w\" sizes=\"(max-width: 1024px) 100vw, 1024px\" \/><\/figure>\n\n\n\n<div class=\"wp-container-1 wp-block-group alignfull has-foreground-color has-background-background-color has-text-color has-background\"><div class=\"wp-block-group__inner-container\">\n<h2>Why is it necessary to help the black grouse?<\/h2>\n\n\n\n<p align=\"justify\">The black grouse (<em>Lyrurus tetrix<\/em>) is a species from the grouse family that occurs throughout the whole northern Europe. In other parts of the European continent, isolated populations are formed mainly in higher altitudes, especially in the Alps. Even in the Czech Republic, residual populations occur mainly in higher altitudes, mostly in the Ore Mountains, the \u0160umava Mountains and the Giant Mountains. Black grouse often looks for localities in the successional stage of forest stands, with herbaceous layer rich in cranberries, blueberries or heather. These plants are an important source of fodder for adults and provide suitable shelter from predators for chickens. At the same time, the mentioned habitats provide various species of insects, which is an essential food component for chickens in the first 14 days after hatching. In places of occurrence where these suitable habitats are missing, the black grouse is also forced to inhabit meadows, pastures, or forest stands with open clearings. However, if a dense tree layer is present, the habitat becomes unsuitable. Probably the most significant reason for the dramatic decline in the numbers of black grouse in the Czech Republic is the loss of suitable habitats, which is closely related to changes in the character of the whole landscape. As an example, the large clearings in the mountainous regions of the northern to north-eastern part of the Czech Republic after the air pollution calamity in the 1970s, which have grown over and gradually lost their importance for black grouse could be mentioned. Also, many originally suitable sites were transformed during the second half of the 20th century by timber-oriented management in commercial forests. Suitable primary habitats, which were mainly peat bogs, have in many cases been drained in the past and converted into forests or grasslands. Another important factor is the considerable effect of tourism, which negatively affects black grouse populations especially during the nesting period. Related sources of negative effects are, in particular, operation of ski lifts, modification and use of cross-country trails, ski mountaineering or freeriding (free skiing through forests outside the ski slopes), which is often done illegally. Not only on the basis of the mentioned factors, there is a continuous decline in abundance of black grouse in the Czech Republic, which in some areas, including the Doupov Mountains, is approaching the limit of sustainability of the local population. At this time, we have one of the last chances of preserving this majestic representative of grouse family in the Czech nature for future generations.<\/p>\n<\/div><\/div>\n\n\n\n<div class=\"wp-container-3 wp-block-group alignfull has-primary-background-color has-background\"><div class=\"wp-block-group__inner-container\">\n<div class=\"wp-container-2 wp-block-group\"><div class=\"wp-block-group__inner-container\">\n<h3>The project<\/h3>\n<\/div><\/div>\n\n\n\n<p align=\"justify\">The project is focused on the support and stabilization of the residual population of black grouse in the Doupov Mountains. The support is implemented by a mosaic-like opening of overgrown habitats. This management measure, which will focus on the removal of successive vegetation, will create open areas suitable for the lekking and nesting of black grouse. By removing the shrub and woody layer, habitats suitable for predators of nests and adult grouses, such as red foxes or the rock martens, will be limited.<\/p>\n<p>The project is implemented in cooperation with the Research Institute of Forestry and Hunting, v.v.i. and the state enterprise Military Forests and Estates.<\/p>\n<\/div><\/div>\n\n\n\n<h3 class=\"has-text-align-center\">Project team<\/h3>\n\n\n<p><strong>Forestry and Game Management Research Institute:<\/strong><\/p>\n<p>Ing. Lucie Hamb\u00e1lkov\u00e1 \u2013 Project leader<\/p>\n<p>Ing. Jan Cukor, Ph. D. \u2013 Expert, project researcher<\/p>\n<p>Ing. Jana Danysov\u00e1 \u2013 Project management, financial management<\/p>\n<p><strong>Nature Conservation Agency of the Czech Republic:<\/strong><\/p>\n<p>Bc. V\u00edt Tejrovsk\u00fd \u2013 Expert, researcher, zoologist<\/p>\n<p><strong><span class=\"VIiyi\" lang=\"en\"><span class=\"JLqJ4b ChMk0b\" data-language-for-alternatives=\"en\" data-language-to-translate-into=\"cs\" data-phrase-index=\"0\" data-number-of-phrases=\"1\">Military Forests and Estates of the Czech Republic<\/span><\/span>, division Karlovy Vary:<\/strong><\/p>\n<p>JUDr. Ji\u0159\u00ed K\u0161ica \u2013 Director<\/p>\n<p>Ing. Ladislav Novotn\u00fd \u2013 Head of Services Administration<\/p>\n<p>Ing. Petra Kutnohorsk\u00e1 \u2013 Financial management of the project<\/p>\n<p>Ing. Mark\u00e9ta M\u00e1chov\u00e1 \u2013 Project management<\/p>\n<p><span class=\"VIiyi\" lang=\"en\"><span class=\"JLqJ4b ChMk0b\" data-language-for-alternatives=\"en\" data-language-to-translate-into=\"cs\" data-phrase-index=\"0\" data-number-of-phrases=\"1\">employees of the Services department<\/span><\/span> \u2013 technical implementation of habitat&nbsp;&nbsp;&nbsp;&nbsp;&nbsp;&nbsp;&nbsp;&nbsp; management<\/p>\n<p><strong>Norwegian Institute for Nature Research:<\/strong><\/p>\n<p>Lasse Frost Eriksen \u2013 Expert, consultatnt, zoologist<\/p>\n<p>Oddgeir Andersen \u2013 Expert, consultatnt, zoologist<\/p>\n\n\n<div style=\"height:9px\" aria-hidden=\"true\" class=\"wp-block-spacer\"><\/div>\n\n\n\n<div class=\"wp-container-4 wp-block-group alignfull has-primary-background-color has-background\"><div class=\"wp-block-group__inner-container\">\n<h2 class=\"has-text-align-center\">Area of interest<\/h2>\n\n\n\n<p align=\"center\"><iframe loading=\"lazy\" style=\"border:none\" src=\"https:\/\/frame.mapy.cz\/s\/ranezumobo\" width=\"700\" height=\"466\" frameborder=\"0\"><\/iframe><\/p>\n<\/div><\/div>\n","protected":false},"excerpt":{"rendered":"<p>Why is it necessary to help the black grouse? The black grouse (Lyrurus tetrix) is a species from the grouse family that occurs throughout the whole northern Europe. In other parts of the European continent, isolated populations are formed mainly in higher altitudes, especially in the Alps. Even in the Czech Republic, residual populations occur<a class=\"more-link\" href=\"https:\/\/www.pomahametetrivkovi.cz\/index.php\/english\/\">Pokra\u010dovat ve \u010dten\u00ed <span class=\"screen-reader-text\">&#8222;English&#8220;<\/span><\/a><\/p>\n","protected":false},"author":1,"featured_media":0,"parent":0,"menu_order":0,"comment_status":"closed","ping_status":"closed","template":"","meta":{"ngg_post_thumbnail":0},"_links":{"self":[{"href":"https:\/\/www.pomahametetrivkovi.cz\/index.php\/wp-json\/wp\/v2\/pages\/400"}],"collection":[{"href":"https:\/\/www.pomahametetrivkovi.cz\/index.php\/wp-json\/wp\/v2\/pages"}],"about":[{"href":"https:\/\/www.pomahametetrivkovi.cz\/index.php\/wp-json\/wp\/v2\/types\/page"}],"author":[{"embeddable":true,"href":"https:\/\/www.pomahametetrivkovi.cz\/index.php\/wp-json\/wp\/v2\/users\/1"}],"replies":[{"embeddable":true,"href":"https:\/\/www.pomahametetrivkovi.cz\/index.php\/wp-json\/wp\/v2\/comments?post=400"}],"version-history":[{"count":3,"href":"https:\/\/www.pomahametetrivkovi.cz\/index.php\/wp-json\/wp\/v2\/pages\/400\/revisions"}],"predecessor-version":[{"id":512,"href":"https:\/\/www.pomahametetrivkovi.cz\/index.php\/wp-json\/wp\/v2\/pages\/400\/revisions\/512"}],"wp:attachment":[{"href":"https:\/\/www.pomahametetrivkovi.cz\/index.php\/wp-json\/wp\/v2\/media?parent=400"}],"curies":[{"name":"wp","href":"https:\/\/api.w.org\/{rel}","templated":true}]}}