{"id":39,"date":"2021-07-06T11:38:46","date_gmt":"2021-07-06T09:38:46","guid":{"rendered":"https:\/\/blackgrousecz.wordpress.com\/?page_id=39"},"modified":"2023-10-16T08:40:56","modified_gmt":"2023-10-16T08:40:56","slug":"home","status":"publish","type":"page","link":"https:\/\/www.pomahametetrivkovi.cz\/","title":{"rendered":"Home"},"content":{"rendered":"\n<div class=\"wp-block-media-text alignfull has-media-on-the-right is-stacked-on-mobile is-image-fill has-background-color has-primary-background-color has-text-color has-background\"><figure class=\"wp-block-media-text__media\" style=\"background-image:url(https:\/\/www.pomahametetrivkovi.cz\/wp-content\/uploads\/2022\/10\/IMG_3573-1024x683.jpg);background-position:50% 50%\"><img loading=\"lazy\" width=\"1024\" height=\"683\" src=\"https:\/\/www.pomahametetrivkovi.cz\/wp-content\/uploads\/2022\/10\/IMG_3573-1024x683.jpg\" alt=\"\" class=\"wp-image-507 size-full\" srcset=\"https:\/\/www.pomahametetrivkovi.cz\/wp-content\/uploads\/2022\/10\/IMG_3573-1024x683.jpg 1024w, https:\/\/www.pomahametetrivkovi.cz\/wp-content\/uploads\/2022\/10\/IMG_3573-300x200.jpg 300w, https:\/\/www.pomahametetrivkovi.cz\/wp-content\/uploads\/2022\/10\/IMG_3573-768x512.jpg 768w, https:\/\/www.pomahametetrivkovi.cz\/wp-content\/uploads\/2022\/10\/IMG_3573-1536x1024.jpg 1536w, https:\/\/www.pomahametetrivkovi.cz\/wp-content\/uploads\/2022\/10\/IMG_3573-2048x1365.jpg 2048w, https:\/\/www.pomahametetrivkovi.cz\/wp-content\/uploads\/2022\/10\/IMG_3573-1568x1045.jpg 1568w\" sizes=\"(max-width: 1024px) 100vw, 1024px\" \/><\/figure><div class=\"wp-block-media-text__content\">\n<div style=\"height:30px\" aria-hidden=\"true\" class=\"wp-block-spacer\"><\/div>\n\n\n\n<h1>Management biotop\u016f <br>s v\u00fdskytem tet\u0159\u00edvka obecn\u00e9ho v oblasti Doupovsk\u00fdch hor<\/h1>\n\n\n\n<div style=\"height:30px\" aria-hidden=\"true\" class=\"wp-block-spacer\"><\/div>\n\n\n\n<p>Projekt podpo\u0159en\u00fd z Norsk\u00fdch fond\u016f<\/p>\n\n\n\n<div style=\"height:30px\" aria-hidden=\"true\" class=\"wp-block-spacer\"><\/div>\n<\/div><\/div>\n\n\n\n<div class=\"wp-container-1 wp-block-group alignfull has-background-background-color has-background\"><div class=\"wp-block-group__inner-container\">\n<h2 class=\"has-text-align-center margin-top-half\">Hlavn\u00ed aktivity projektu<\/h2>\n\n\n\n<hr class=\"wp-block-separator\"\/>\n\n\n\n<div class=\"wp-block-columns alignwide\">\n<div class=\"wp-block-column\">\n<figure class=\"wp-block-image size-large\"><img loading=\"lazy\" width=\"2000\" height=\"1125\" src=\"https:\/\/blackgrousecz.files.wordpress.com\/2021\/07\/tetrivci_main_3.jpg?w=750\" alt=\"\" class=\"wp-image-142\" srcset=\"https:\/\/www.pomahametetrivkovi.cz\/wp-content\/uploads\/2021\/07\/tetrivci_main_3.jpg 2000w, https:\/\/www.pomahametetrivkovi.cz\/wp-content\/uploads\/2021\/07\/tetrivci_main_3-300x169.jpg 300w, https:\/\/www.pomahametetrivkovi.cz\/wp-content\/uploads\/2021\/07\/tetrivci_main_3-1024x576.jpg 1024w, https:\/\/www.pomahametetrivkovi.cz\/wp-content\/uploads\/2021\/07\/tetrivci_main_3-768x432.jpg 768w, https:\/\/www.pomahametetrivkovi.cz\/wp-content\/uploads\/2021\/07\/tetrivci_main_3-1536x864.jpg 1536w, https:\/\/www.pomahametetrivkovi.cz\/wp-content\/uploads\/2021\/07\/tetrivci_main_3-1200x675.jpg 1200w, https:\/\/www.pomahametetrivkovi.cz\/wp-content\/uploads\/2021\/07\/tetrivci_main_3-1980x1114.jpg 1980w\" sizes=\"(max-width: 2000px) 100vw, 2000px\" \/><\/figure>\n\n\n\n<p class=\"has-text-align-center\">Ochrana ohro\u017een\u00e9ho druhu (Tet\u0159\u00edvka obecn\u00e9ho) vytv\u00e1\u0159en\u00edm vhodn\u00fdch stanovi\u0161\u0165 <\/p>\n<\/div>\n\n\n\n<div class=\"wp-block-column\">\n<figure class=\"wp-block-image size-large\"><img loading=\"lazy\" width=\"2000\" height=\"1125\" src=\"https:\/\/blackgrousecz.files.wordpress.com\/2021\/07\/tetrivci_main_4.jpg?w=750\" alt=\"\" class=\"wp-image-143\" srcset=\"https:\/\/www.pomahametetrivkovi.cz\/wp-content\/uploads\/2021\/07\/tetrivci_main_4.jpg 2000w, https:\/\/www.pomahametetrivkovi.cz\/wp-content\/uploads\/2021\/07\/tetrivci_main_4-300x169.jpg 300w, https:\/\/www.pomahametetrivkovi.cz\/wp-content\/uploads\/2021\/07\/tetrivci_main_4-1024x576.jpg 1024w, https:\/\/www.pomahametetrivkovi.cz\/wp-content\/uploads\/2021\/07\/tetrivci_main_4-768x432.jpg 768w, https:\/\/www.pomahametetrivkovi.cz\/wp-content\/uploads\/2021\/07\/tetrivci_main_4-1536x864.jpg 1536w, https:\/\/www.pomahametetrivkovi.cz\/wp-content\/uploads\/2021\/07\/tetrivci_main_4-1200x675.jpg 1200w, https:\/\/www.pomahametetrivkovi.cz\/wp-content\/uploads\/2021\/07\/tetrivci_main_4-1980x1114.jpg 1980w\" sizes=\"(max-width: 2000px) 100vw, 2000px\" \/><\/figure>\n\n\n\n<p class=\"has-text-align-center\">Sledov\u00e1n\u00ed \u00fasp\u011b\u0161nosti hn\u00edzd\u011bn\u00ed a v\u00fdvoje po\u010dtu jedinc\u016f na nov\u011b vytvo\u0159en\u00fdch lokalit\u00e1ch<\/p>\n<\/div>\n\n\n\n<div class=\"wp-block-column\">\n<figure class=\"wp-block-image size-large\"><img loading=\"lazy\" width=\"1024\" height=\"588\" src=\"https:\/\/www.pomahametetrivkovi.cz\/wp-content\/uploads\/2022\/05\/DSC01144-3-1024x588.jpg\" alt=\"\" class=\"wp-image-443\" srcset=\"https:\/\/www.pomahametetrivkovi.cz\/wp-content\/uploads\/2022\/05\/DSC01144-3-1024x588.jpg 1024w, https:\/\/www.pomahametetrivkovi.cz\/wp-content\/uploads\/2022\/05\/DSC01144-3-300x172.jpg 300w, https:\/\/www.pomahametetrivkovi.cz\/wp-content\/uploads\/2022\/05\/DSC01144-3-768x441.jpg 768w, https:\/\/www.pomahametetrivkovi.cz\/wp-content\/uploads\/2022\/05\/DSC01144-3-1536x883.jpg 1536w, https:\/\/www.pomahametetrivkovi.cz\/wp-content\/uploads\/2022\/05\/DSC01144-3-2048x1177.jpg 2048w, https:\/\/www.pomahametetrivkovi.cz\/wp-content\/uploads\/2022\/05\/DSC01144-3-1568x901.jpg 1568w\" sizes=\"(max-width: 1024px) 100vw, 1024px\" \/><\/figure>\n\n\n\n<p class=\"has-text-align-center\">Sezn\u00e1men\u00ed ve\u0159ejnosti s v\u00fdsledky prost\u0159ednictv\u00edm workshop\u016f, sch\u016fzek a informa\u010dn\u00edch materi\u00e1l\u016f<\/p>\n<\/div>\n<\/div>\n<\/div><\/div>\n\n\n\n<div class=\"wp-container-3 wp-block-group alignwide\"><div class=\"wp-block-group__inner-container\">\n<div class=\"wp-container-2 wp-block-group alignfull\"><div class=\"wp-block-group__inner-container\">\n<div class=\"wp-block-media-text alignfull is-stacked-on-mobile is-vertically-aligned-center is-image-fill has-primary-background-color has-background\" style=\"grid-template-columns:44% auto\"><figure class=\"wp-block-media-text__media\" style=\"background-image:url(https:\/\/www.pomahametetrivkovi.cz\/wp-content\/uploads\/2023\/05\/20230503_082312-1024x768.jpg);background-position:79% 51%\"><img loading=\"lazy\" width=\"1024\" height=\"768\" src=\"https:\/\/www.pomahametetrivkovi.cz\/wp-content\/uploads\/2023\/05\/20230503_082312-1024x768.jpg\" alt=\"\" class=\"wp-image-546 size-full\" srcset=\"https:\/\/www.pomahametetrivkovi.cz\/wp-content\/uploads\/2023\/05\/20230503_082312-1024x768.jpg 1024w, https:\/\/www.pomahametetrivkovi.cz\/wp-content\/uploads\/2023\/05\/20230503_082312-300x225.jpg 300w, https:\/\/www.pomahametetrivkovi.cz\/wp-content\/uploads\/2023\/05\/20230503_082312-768x576.jpg 768w, https:\/\/www.pomahametetrivkovi.cz\/wp-content\/uploads\/2023\/05\/20230503_082312-1536x1152.jpg 1536w, https:\/\/www.pomahametetrivkovi.cz\/wp-content\/uploads\/2023\/05\/20230503_082312-2048x1536.jpg 2048w, https:\/\/www.pomahametetrivkovi.cz\/wp-content\/uploads\/2023\/05\/20230503_082312-1568x1176.jpg 1568w\" sizes=\"(max-width: 1024px) 100vw, 1024px\" \/><\/figure><div class=\"wp-block-media-text__content\">\n<div style=\"height:32px\" aria-hidden=\"true\" class=\"wp-block-spacer\"><\/div>\n\n\n\n<h3>Aktu\u00e1ln\u00ed informace<\/h3>\n\n\n\n<p align=\"justify\">Na spravovan\u00e9 lokalit\u011b &#8222;vyrostlo&#8220; na ja\u0159e t\u00e9m\u011b\u0159 500 stromk\u016f je\u0159\u00e1bu pta\u010d\u00edho. V liniov\u00e9 a skupinov\u00e9 v\u00fdsadb\u011b, opaten\u00e9 ochranou proti \u0161kod\u00e1m zv\u011b\u0159\u00ed, jsme obohatili skladbu vegetace o plodonosnou d\u0159evinu, kter\u00e1 je sou\u010d\u00e1st\u00ed j\u00eddeln\u00ed\u010dku tet\u0159\u00edvka obecn\u00e9ho.<\/p>\n\n\n\n<p><\/p>\n<\/div><\/div>\n<\/div><\/div>\n<\/div><\/div>\n\n\n\n<h2 class=\"has-text-align-center\">Napi\u0161te n\u00e1m<\/h2>\n\n\n<div class=\"wpforms-container wpforms-container-full\" id=\"wpforms-340\"><form id=\"wpforms-form-340\" class=\"wpforms-validate wpforms-form wpforms-ajax-form\" data-formid=\"340\" method=\"post\" enctype=\"multipart\/form-data\" action=\"\/index.php\/wp-json\/wp\/v2\/pages\/39\" data-token=\"a826f4513fef8b6b1e0db30cb7ec2704\"><noscript class=\"wpforms-error-noscript\">Chcete-li vyplnit tento formul\u00e1\u0159, pros\u00edm povolte v prohl\u00ed\u017ee\u010di JavaScript.<\/noscript><div class=\"wpforms-field-container\"><div id=\"wpforms-340-field_0-container\" class=\"wpforms-field wpforms-field-name\" data-field-id=\"0\"><label class=\"wpforms-field-label\" for=\"wpforms-340-field_0\">Jm\u00e9no: <span class=\"wpforms-required-label\">*<\/span><\/label><div class=\"wpforms-field-row wpforms-field-medium\"><div class=\"wpforms-field-row-block wpforms-first wpforms-one-half\"><input type=\"text\" id=\"wpforms-340-field_0\" class=\"wpforms-field-name-first wpforms-field-required\" name=\"wpforms[fields][0][first]\" required><label for=\"wpforms-340-field_0\" class=\"wpforms-field-sublabel after \">K\u0159estn\u00ed jm\u00e9no<\/label><\/div><div class=\"wpforms-field-row-block wpforms-one-half\"><input type=\"text\" id=\"wpforms-340-field_0-last\" class=\"wpforms-field-name-last wpforms-field-required\" name=\"wpforms[fields][0][last]\" required><label for=\"wpforms-340-field_0-last\" class=\"wpforms-field-sublabel after \">P\u0159\u00edjmen\u00ed<\/label><\/div><\/div><\/div><div id=\"wpforms-340-field_1-container\" class=\"wpforms-field wpforms-field-email\" data-field-id=\"1\"><label class=\"wpforms-field-label\" for=\"wpforms-340-field_1\">E-mail: <span class=\"wpforms-required-label\">*<\/span><\/label><input type=\"email\" id=\"wpforms-340-field_1\" class=\"wpforms-field-medium wpforms-field-required\" name=\"wpforms[fields][1]\" required><\/div><div id=\"wpforms-340-field_2-container\" class=\"wpforms-field wpforms-field-textarea\" data-field-id=\"2\"><label class=\"wpforms-field-label\" for=\"wpforms-340-field_2\">Zpr\u00e1va: <span class=\"wpforms-required-label\">*<\/span><\/label><textarea id=\"wpforms-340-field_2\" class=\"wpforms-field-medium wpforms-field-required\" name=\"wpforms[fields][2]\" required><\/textarea><\/div><\/div><div class=\"wpforms-submit-container\" ><input type=\"hidden\" name=\"wpforms[id]\" value=\"340\"><input type=\"hidden\" name=\"wpforms[author]\" value=\"2\"><button type=\"submit\" name=\"wpforms[submit]\" class=\"wpforms-submit \" id=\"wpforms-submit-340\" value=\"wpforms-submit\" aria-live=\"assertive\" data-alt-text=\"Odes\u00edl\u00e1m...\" data-submit-text=\"Odeslat\">Odeslat<\/button><img src=\"https:\/\/www.pomahametetrivkovi.cz\/wp-content\/plugins\/wpforms-lite\/assets\/images\/submit-spin.svg\" class=\"wpforms-submit-spinner\" style=\"display: none;\" width=\"26\" height=\"26\" alt=\"\"><\/div><\/form><\/div>  <!-- .wpforms-container -->\n\n\n<p><\/p>\n","protected":false},"excerpt":{"rendered":"<p>Hlavn\u00ed aktivity projektu Ochrana ohro\u017een\u00e9ho druhu (Tet\u0159\u00edvka obecn\u00e9ho) vytv\u00e1\u0159en\u00edm vhodn\u00fdch stanovi\u0161\u0165 Sledov\u00e1n\u00ed \u00fasp\u011b\u0161nosti hn\u00edzd\u011bn\u00ed a v\u00fdvoje po\u010dtu jedinc\u016f na nov\u011b vytvo\u0159en\u00fdch lokalit\u00e1ch Sezn\u00e1men\u00ed ve\u0159ejnosti s v\u00fdsledky prost\u0159ednictv\u00edm workshop\u016f, sch\u016fzek a informa\u010dn\u00edch materi\u00e1l\u016f Aktu\u00e1ln\u00ed informace Na spravovan\u00e9 lokalit\u011b &#8222;vyrostlo&#8220; na ja\u0159e t\u00e9m\u011b\u0159 500 stromk\u016f je\u0159\u00e1bu pta\u010d\u00edho. V liniov\u00e9 a skupinov\u00e9 v\u00fdsadb\u011b, opaten\u00e9 ochranou proti \u0161kod\u00e1m zv\u011b\u0159\u00ed,<a class=\"more-link\" href=\"https:\/\/www.pomahametetrivkovi.cz\/\">Pokra\u010dovat ve \u010dten\u00ed <span class=\"screen-reader-text\">&#8222;Home&#8220;<\/span><\/a><\/p>\n","protected":false},"author":2,"featured_media":0,"parent":0,"menu_order":0,"comment_status":"closed","ping_status":"closed","template":"","meta":{"ngg_post_thumbnail":0},"_links":{"self":[{"href":"https:\/\/www.pomahametetrivkovi.cz\/index.php\/wp-json\/wp\/v2\/pages\/39"}],"collection":[{"href":"https:\/\/www.pomahametetrivkovi.cz\/index.php\/wp-json\/wp\/v2\/pages"}],"about":[{"href":"https:\/\/www.pomahametetrivkovi.cz\/index.php\/wp-json\/wp\/v2\/types\/page"}],"author":[{"embeddable":true,"href":"https:\/\/www.pomahametetrivkovi.cz\/index.php\/wp-json\/wp\/v2\/users\/2"}],"replies":[{"embeddable":true,"href":"https:\/\/www.pomahametetrivkovi.cz\/index.php\/wp-json\/wp\/v2\/comments?post=39"}],"version-history":[{"count":25,"href":"https:\/\/www.pomahametetrivkovi.cz\/index.php\/wp-json\/wp\/v2\/pages\/39\/revisions"}],"predecessor-version":[{"id":566,"href":"https:\/\/www.pomahametetrivkovi.cz\/index.php\/wp-json\/wp\/v2\/pages\/39\/revisions\/566"}],"wp:attachment":[{"href":"https:\/\/www.pomahametetrivkovi.cz\/index.php\/wp-json\/wp\/v2\/media?parent=39"}],"curies":[{"name":"wp","href":"https:\/\/api.w.org\/{rel}","templated":true}]}}